{"id":5,"date":"2017-04-26T13:48:17","date_gmt":"2017-04-26T13:48:17","guid":{"rendered":"https:\/\/sitehomolog.boavistatecnologia.com.br\/blog\/newsletter\/"},"modified":"2024-01-31T17:41:59","modified_gmt":"2024-01-31T20:41:59","slug":"newsletter","status":"publish","type":"page","link":"https:\/\/boavistatecnologia.com.br\/blog\/newsletter\/","title":{"rendered":"Newsletter"},"content":{"rendered":"\n<div role=\"main\" id=\"pop-up-rolagem-newsletter-1267286b9c092fb55025\"><\/div><script type=\"text\/javascript\" src=\"https:\/\/d335luupugsy2.cloudfront.net\/js\/rdstation-forms\/stable\/rdstation-forms.min.js\"><\/script><script type=\"text\/javascript\"> new RDStationForms('pop-up-rolagem-newsletter-1267286b9c092fb55025', 'UA-63700591-1').createForm();<\/script>\n\n\n\n<p><\/p>\n","protected":false},"excerpt":{"rendered":"","protected":false},"author":1,"featured_media":6072,"parent":0,"menu_order":0,"comment_status":"closed","ping_status":"closed","template":"","meta":{"_acf_changed":false,"footnotes":""},"class_list":["post-5","page","type-page","status-publish","has-post-thumbnail","hentry","use-animation"],"acf":[],"yoast_head":"<!-- This site is optimized with the Yoast SEO plugin v26.8 - https:\/\/yoast.com\/product\/yoast-seo-wordpress\/ -->\n<title>Blog da Boavista | Concilia\u00e7\u00e3o Financeira<\/title>\n<meta name=\"description\" content=\"Newsletter: a\u00e7a parte da comunidade BoavistaInscreva seu melhor contato e receba conte\u00fados exclusivos e com prioridade no seu e-mail!\" \/>\n<meta name=\"robots\" content=\"index, follow, max-snippet:-1, max-image-preview:large, max-video-preview:-1\" \/>\n<link rel=\"canonical\" href=\"https:\/\/boavistatecnologia.com.br\/blog\/newsletter\/\" \/>\n<meta property=\"og:locale\" content=\"pt_BR\" \/>\n<meta property=\"og:type\" content=\"article\" \/>\n<meta property=\"og:title\" content=\"Blog da Boavista | Concilia\u00e7\u00e3o Financeira\" \/>\n<meta property=\"og:description\" content=\"Newsletter: a\u00e7a parte da comunidade BoavistaInscreva seu melhor contato e receba conte\u00fados exclusivos e com prioridade no seu e-mail!\" \/>\n<meta property=\"og:url\" content=\"https:\/\/boavistatecnologia.com.br\/blog\/newsletter\/\" \/>\n<meta property=\"og:site_name\" content=\"Blog da Boavista | Concilia\u00e7\u00e3o Financeira\" \/>\n<meta property=\"article:publisher\" content=\"https:\/\/www.facebook.com\/BoavistaTecnologia\" \/>\n<meta property=\"article:modified_time\" content=\"2024-01-31T20:41:59+00:00\" \/>\n<meta property=\"og:image\" content=\"https:\/\/boavistatecnologia.com.br\/blog\/wp-content\/uploads\/2022\/06\/businessman-working-on-tablet-in-cafe-1-scaled.jpg\" \/>\n\t<meta property=\"og:image:width\" content=\"2560\" \/>\n\t<meta property=\"og:image:height\" content=\"967\" \/>\n\t<meta property=\"og:image:type\" content=\"image\/jpeg\" \/>\n<meta name=\"twitter:card\" content=\"summary_large_image\" \/>\n<script type=\"application\/ld+json\" class=\"yoast-schema-graph\">{\"@context\":\"https:\/\/schema.org\",\"@graph\":[{\"@type\":\"WebPage\",\"@id\":\"https:\/\/boavistatecnologia.com.br\/blog\/newsletter\/\",\"url\":\"https:\/\/boavistatecnologia.com.br\/blog\/newsletter\/\",\"name\":\"Blog da Boavista | Concilia\u00e7\u00e3o Financeira\",\"isPartOf\":{\"@id\":\"https:\/\/boavistatecnologia.com.br\/blog\/#website\"},\"primaryImageOfPage\":{\"@id\":\"https:\/\/boavistatecnologia.com.br\/blog\/newsletter\/#primaryimage\"},\"image\":{\"@id\":\"https:\/\/boavistatecnologia.com.br\/blog\/newsletter\/#primaryimage\"},\"thumbnailUrl\":\"https:\/\/boavistatecnologia.com.br\/blog\/wp-content\/uploads\/2022\/06\/businessman-working-on-tablet-in-cafe-1-scaled.jpg\",\"datePublished\":\"2017-04-26T13:48:17+00:00\",\"dateModified\":\"2024-01-31T20:41:59+00:00\",\"description\":\"Newsletter: a\u00e7a parte da comunidade BoavistaInscreva seu melhor contato e receba conte\u00fados exclusivos e com prioridade no seu e-mail!\",\"breadcrumb\":{\"@id\":\"https:\/\/boavistatecnologia.com.br\/blog\/newsletter\/#breadcrumb\"},\"inLanguage\":\"pt-BR\",\"potentialAction\":[{\"@type\":\"ReadAction\",\"target\":[\"https:\/\/boavistatecnologia.com.br\/blog\/newsletter\/\"]}]},{\"@type\":\"ImageObject\",\"inLanguage\":\"pt-BR\",\"@id\":\"https:\/\/boavistatecnologia.com.br\/blog\/newsletter\/#primaryimage\",\"url\":\"https:\/\/boavistatecnologia.com.br\/blog\/wp-content\/uploads\/2022\/06\/businessman-working-on-tablet-in-cafe-1-scaled.jpg\",\"contentUrl\":\"https:\/\/boavistatecnologia.com.br\/blog\/wp-content\/uploads\/2022\/06\/businessman-working-on-tablet-in-cafe-1-scaled.jpg\",\"width\":2560,\"height\":967,\"caption\":\"Businessman working on tablet in cafe\"},{\"@type\":\"BreadcrumbList\",\"@id\":\"https:\/\/boavistatecnologia.com.br\/blog\/newsletter\/#breadcrumb\",\"itemListElement\":[{\"@type\":\"ListItem\",\"position\":1,\"name\":\"In\u00edcio\",\"item\":\"https:\/\/boavistatecnologia.com.br\/blog\/\"},{\"@type\":\"ListItem\",\"position\":2,\"name\":\"Newsletter\"}]},{\"@type\":\"WebSite\",\"@id\":\"https:\/\/boavistatecnologia.com.br\/blog\/#website\",\"url\":\"https:\/\/boavistatecnologia.com.br\/blog\/\",\"name\":\"Blog da Boavista | Concilia\u00e7\u00e3o de Receb\u00edveis\",\"description\":\"Uma plataforma de solu\u00e7\u00f5es em concilia\u00e7\u00e3o para uma gest\u00e3o de receb\u00edveis mais inteligente, previs\u00edvel e segura.\",\"alternateName\":\"Blog da Boavista | Concilia\u00e7\u00e3o de Receb\u00edveis\",\"potentialAction\":[{\"@type\":\"SearchAction\",\"target\":{\"@type\":\"EntryPoint\",\"urlTemplate\":\"https:\/\/boavistatecnologia.com.br\/blog\/?s={search_term_string}\"},\"query-input\":{\"@type\":\"PropertyValueSpecification\",\"valueRequired\":true,\"valueName\":\"search_term_string\"}}],\"inLanguage\":\"pt-BR\"}]}<\/script>\n<!-- \/ Yoast SEO plugin. -->","yoast_head_json":{"title":"Blog da Boavista | Concilia\u00e7\u00e3o Financeira","description":"Newsletter: a\u00e7a parte da comunidade BoavistaInscreva seu melhor contato e receba conte\u00fados exclusivos e com prioridade no seu e-mail!","robots":{"index":"index","follow":"follow","max-snippet":"max-snippet:-1","max-image-preview":"max-image-preview:large","max-video-preview":"max-video-preview:-1"},"canonical":"https:\/\/boavistatecnologia.com.br\/blog\/newsletter\/","og_locale":"pt_BR","og_type":"article","og_title":"Blog da Boavista | Concilia\u00e7\u00e3o Financeira","og_description":"Newsletter: a\u00e7a parte da comunidade BoavistaInscreva seu melhor contato e receba conte\u00fados exclusivos e com prioridade no seu e-mail!","og_url":"https:\/\/boavistatecnologia.com.br\/blog\/newsletter\/","og_site_name":"Blog da Boavista | Concilia\u00e7\u00e3o Financeira","article_publisher":"https:\/\/www.facebook.com\/BoavistaTecnologia","article_modified_time":"2024-01-31T20:41:59+00:00","og_image":[{"width":2560,"height":967,"url":"https:\/\/boavistatecnologia.com.br\/blog\/wp-content\/uploads\/2022\/06\/businessman-working-on-tablet-in-cafe-1-scaled.jpg","type":"image\/jpeg"}],"twitter_card":"summary_large_image","schema":{"@context":"https:\/\/schema.org","@graph":[{"@type":"WebPage","@id":"https:\/\/boavistatecnologia.com.br\/blog\/newsletter\/","url":"https:\/\/boavistatecnologia.com.br\/blog\/newsletter\/","name":"Blog da Boavista | Concilia\u00e7\u00e3o Financeira","isPartOf":{"@id":"https:\/\/boavistatecnologia.com.br\/blog\/#website"},"primaryImageOfPage":{"@id":"https:\/\/boavistatecnologia.com.br\/blog\/newsletter\/#primaryimage"},"image":{"@id":"https:\/\/boavistatecnologia.com.br\/blog\/newsletter\/#primaryimage"},"thumbnailUrl":"https:\/\/boavistatecnologia.com.br\/blog\/wp-content\/uploads\/2022\/06\/businessman-working-on-tablet-in-cafe-1-scaled.jpg","datePublished":"2017-04-26T13:48:17+00:00","dateModified":"2024-01-31T20:41:59+00:00","description":"Newsletter: a\u00e7a parte da comunidade BoavistaInscreva seu melhor contato e receba conte\u00fados exclusivos e com prioridade no seu e-mail!","breadcrumb":{"@id":"https:\/\/boavistatecnologia.com.br\/blog\/newsletter\/#breadcrumb"},"inLanguage":"pt-BR","potentialAction":[{"@type":"ReadAction","target":["https:\/\/boavistatecnologia.com.br\/blog\/newsletter\/"]}]},{"@type":"ImageObject","inLanguage":"pt-BR","@id":"https:\/\/boavistatecnologia.com.br\/blog\/newsletter\/#primaryimage","url":"https:\/\/boavistatecnologia.com.br\/blog\/wp-content\/uploads\/2022\/06\/businessman-working-on-tablet-in-cafe-1-scaled.jpg","contentUrl":"https:\/\/boavistatecnologia.com.br\/blog\/wp-content\/uploads\/2022\/06\/businessman-working-on-tablet-in-cafe-1-scaled.jpg","width":2560,"height":967,"caption":"Businessman working on tablet in cafe"},{"@type":"BreadcrumbList","@id":"https:\/\/boavistatecnologia.com.br\/blog\/newsletter\/#breadcrumb","itemListElement":[{"@type":"ListItem","position":1,"name":"In\u00edcio","item":"https:\/\/boavistatecnologia.com.br\/blog\/"},{"@type":"ListItem","position":2,"name":"Newsletter"}]},{"@type":"WebSite","@id":"https:\/\/boavistatecnologia.com.br\/blog\/#website","url":"https:\/\/boavistatecnologia.com.br\/blog\/","name":"Blog da Boavista | Concilia\u00e7\u00e3o de Receb\u00edveis","description":"Uma plataforma de solu\u00e7\u00f5es em concilia\u00e7\u00e3o para uma gest\u00e3o de receb\u00edveis mais inteligente, previs\u00edvel e segura.","alternateName":"Blog da Boavista | Concilia\u00e7\u00e3o de Receb\u00edveis","potentialAction":[{"@type":"SearchAction","target":{"@type":"EntryPoint","urlTemplate":"https:\/\/boavistatecnologia.com.br\/blog\/?s={search_term_string}"},"query-input":{"@type":"PropertyValueSpecification","valueRequired":true,"valueName":"search_term_string"}}],"inLanguage":"pt-BR"}]}},"_links":{"self":[{"href":"https:\/\/boavistatecnologia.com.br\/blog\/wp-json\/wp\/v2\/pages\/5","targetHints":{"allow":["GET"]}}],"collection":[{"href":"https:\/\/boavistatecnologia.com.br\/blog\/wp-json\/wp\/v2\/pages"}],"about":[{"href":"https:\/\/boavistatecnologia.com.br\/blog\/wp-json\/wp\/v2\/types\/page"}],"author":[{"embeddable":true,"href":"https:\/\/boavistatecnologia.com.br\/blog\/wp-json\/wp\/v2\/users\/1"}],"replies":[{"embeddable":true,"href":"https:\/\/boavistatecnologia.com.br\/blog\/wp-json\/wp\/v2\/comments?post=5"}],"version-history":[{"count":5,"href":"https:\/\/boavistatecnologia.com.br\/blog\/wp-json\/wp\/v2\/pages\/5\/revisions"}],"predecessor-version":[{"id":6071,"href":"https:\/\/boavistatecnologia.com.br\/blog\/wp-json\/wp\/v2\/pages\/5\/revisions\/6071"}],"wp:featuredmedia":[{"embeddable":true,"href":"https:\/\/boavistatecnologia.com.br\/blog\/wp-json\/wp\/v2\/media\/6072"}],"wp:attachment":[{"href":"https:\/\/boavistatecnologia.com.br\/blog\/wp-json\/wp\/v2\/media?parent=5"}],"curies":[{"name":"wp","href":"https:\/\/api.w.org\/{rel}","templated":true}]}}